{"id":4090,"date":"2021-05-26T10:01:13","date_gmt":"2021-05-26T08:01:13","guid":{"rendered":"https:\/\/newlogement.irisnetlab.be\/architect-en-aannemer\/"},"modified":"2022-03-29T17:55:44","modified_gmt":"2022-03-29T15:55:44","slug":"architect-en-aannemer","status":"publish","type":"page","link":"https:\/\/newlogement.irisnetlab.be\/nl\/bouwen-verbouwen\/architect-en-aannemer\/","title":{"rendered":"Architect en aannemer"},"content":{"rendered":"\t\t<div data-elementor-type=\"wp-page\" data-elementor-id=\"4090\" class=\"elementor elementor-4090 elementor-1978\" data-elementor-post-type=\"page\">\n\t\t\t\t\t\t<section class=\"elementor-section elementor-top-section elementor-element elementor-element-2840260 elementor-section-boxed elementor-section-height-default elementor-section-height-default\" data-id=\"2840260\" data-element_type=\"section\">\n\t\t\t\t\t\t<div class=\"elementor-container elementor-column-gap-default\">\n\t\t\t\t\t<div class=\"elementor-column elementor-col-100 elementor-top-column elementor-element elementor-element-39d38544\" data-id=\"39d38544\" data-element_type=\"column\">\n\t\t\t<div class=\"elementor-widget-wrap elementor-element-populated\">\n\t\t\t\t\t\t<div class=\"elementor-element elementor-element-584dac2f elementor-widget elementor-widget-bdt-breadcrumbs\" data-id=\"584dac2f\" data-element_type=\"widget\" data-widget_type=\"bdt-breadcrumbs.default\">\n\t\t\t\t<div class=\"elementor-widget-container\">\n\t\t\t<div class='bdt-ep-breadcrumbs-wrapper'><ul class=\"bdt-ep-breadcrumb breadcrumb-align-left  \"><li><a href=\"https:\/\/newlogement.irisnetlab.be\/nl\/\">Brussel Huisvesting<\/a><\/li>\n<li><span> Page<\/span><\/li>\n<\/ul><\/div>\t\t<\/div>\n\t\t\t\t<\/div>\n\t\t\t\t\t<\/div>\n\t\t<\/div>\n\t\t\t\t\t<\/div>\n\t\t<\/section>\n\t\t\t\t<header class=\"elementor-section elementor-top-section elementor-element elementor-element-113147b5 elementor-section-content-top banner-info-page elementor-section-boxed elementor-section-height-default elementor-section-height-default\" data-id=\"113147b5\" data-element_type=\"section\">\n\t\t\t\t\t\t<div class=\"elementor-container elementor-column-gap-default\">\n\t\t\t\t\t<div class=\"elementor-column elementor-col-50 elementor-top-column elementor-element elementor-element-730da3b7\" data-id=\"730da3b7\" data-element_type=\"column\" data-settings=\"{&quot;background_background&quot;:&quot;classic&quot;}\">\n\t\t\t<div class=\"elementor-widget-wrap elementor-element-populated\">\n\t\t\t\t\t\t<div class=\"elementor-element elementor-element-5d05093f elementor-widget elementor-widget-bdt-advanced-heading\" data-id=\"5d05093f\" data-element_type=\"widget\" data-widget_type=\"bdt-advanced-heading.default\">\n\t\t\t\t<div class=\"elementor-widget-container\">\n\t\t\t<div id =\"5d05093f\" class=\"bdt-ep-advanced-heading\" data-settings=\"{&quot;titleMultiColor&quot;:&quot;no&quot;}\"><h1 class=\"bdt-ep-advanced-heading-title\"><span class=\"bdt-ep-advanced-heading-main-title\"><span class=\"bdt-ep-advanced-heading-main-title-inner\">Begeleiding bij werken<\/span><\/span><\/h1><\/div>\t\t<\/div>\n\t\t\t\t<\/div>\n\t\t\t\t<div class=\"elementor-element elementor-element-223e1158 elementor-widget elementor-widget-text-editor\" data-id=\"223e1158\" data-element_type=\"widget\" data-widget_type=\"text-editor.default\">\n\t\t\t\t<div class=\"elementor-widget-container\">\n\t\t\t\t\t\t\t<p>Uw huis <strong>bouwen<\/strong> of <strong>verbouwen<\/strong> vereist de keuze van een <strong>architect<\/strong> en een <strong>aannemer<\/strong> die u zullen helpen en adviseren bij deze belangrijke stap voor uw huis. Homegrade kan u eveneens gratis gepersonaliseerde ondersteuning bieden.<\/p>\t\t\t\t\t\t<\/div>\n\t\t\t\t<\/div>\n\t\t\t\t\t<\/div>\n\t\t<\/div>\n\t\t\t\t<div class=\"elementor-column elementor-col-50 elementor-top-column elementor-element elementor-element-6399b894 elementor-hidden-tablet elementor-hidden-phone\" data-id=\"6399b894\" data-element_type=\"column\">\n\t\t\t<div class=\"elementor-widget-wrap\">\n\t\t\t\t\t\t\t<\/div>\n\t\t<\/div>\n\t\t\t\t\t<\/div>\n\t\t<\/header>\n\t\t\t\t<section class=\"elementor-section elementor-top-section elementor-element elementor-element-51bc5a70 elementor-section-boxed elementor-section-height-default elementor-section-height-default\" data-id=\"51bc5a70\" data-element_type=\"section\">\n\t\t\t\t\t\t<div class=\"elementor-container elementor-column-gap-default\">\n\t\t\t\t\t<div class=\"elementor-column elementor-col-33 elementor-top-column elementor-element elementor-element-78fea786\" data-id=\"78fea786\" data-element_type=\"column\" id=\"table-of-content-column\">\n\t\t\t<div class=\"elementor-widget-wrap elementor-element-populated\">\n\t\t\t\t\t\t<div class=\"elementor-element elementor-element-330eb9f2 elementor-hidden-phone elementor-widget elementor-widget-bdt-table-of-content\" data-id=\"330eb9f2\" data-element_type=\"widget\" id=\"table-of-content\" data-settings=\"{&quot;index_min_height&quot;:{&quot;unit&quot;:&quot;px&quot;,&quot;size&quot;:&quot;&quot;,&quot;sizes&quot;:[]},&quot;index_min_height_tablet&quot;:{&quot;unit&quot;:&quot;px&quot;,&quot;size&quot;:&quot;&quot;,&quot;sizes&quot;:[]},&quot;index_min_height_mobile&quot;:{&quot;unit&quot;:&quot;px&quot;,&quot;size&quot;:&quot;&quot;,&quot;sizes&quot;:[]}}\" data-widget_type=\"bdt-table-of-content.default\">\n\t\t\t\t<div class=\"elementor-widget-container\">\n\t\t\t\t\t<div class=\"table-of-content-layout-regular\" id=\"bdt-toc-330eb9f2\" data-bdt-sticky=\" offset: 50; bottom: #table-of-content-column;\">\n\t\t\t<div>\n\t\t\t\t\t\t\t\t\t\t<div class=\"bdt-table-of-content\" data-settings=\"{&quot;context&quot;:&quot;.elementor&quot;,&quot;selectors&quot;:&quot;h2&quot;,&quot;ignoreSelector&quot;:&quot;.ignore-this-tag [class*=&#039;-heading-title&#039;]&quot;}\"><\/div>\n\t\t\t<\/div>\n\t\t<\/div>\n\t\t\t<\/div>\n\t\t\t\t<\/div>\n\t\t\t\t\t<\/div>\n\t\t<\/div>\n\t\t\t\t<div class=\"elementor-column elementor-col-66 elementor-top-column elementor-element elementor-element-48a0fef7\" data-id=\"48a0fef7\" data-element_type=\"column\">\n\t\t\t<div class=\"elementor-widget-wrap elementor-element-populated\">\n\t\t\t\t\t\t<div class=\"elementor-element elementor-element-679fc32a elementor-widget elementor-widget-heading\" data-id=\"679fc32a\" data-element_type=\"widget\" data-widget_type=\"heading.default\">\n\t\t\t\t<div class=\"elementor-widget-container\">\n\t\t\t<h2 class=\"elementor-heading-title elementor-size-default\">Een gratis begeleiding voor uw werkzaamheden<\/h2>\t\t<\/div>\n\t\t\t\t<\/div>\n\t\t\t\t<div class=\"elementor-element elementor-element-746fe673 special-list-icons elementor-widget elementor-widget-text-editor\" data-id=\"746fe673\" data-element_type=\"widget\" data-widget_type=\"text-editor.default\">\n\t\t\t\t<div class=\"elementor-widget-container\">\n\t\t\t\t\t\t\t<p><a href=\"https:\/\/homegrade.brussels\/nl\/\" target=\"_blank\" rel=\"noopener\">Homegrade<\/a> (het advies-en begeleidingscentrum voor huisvesting) geeft u een <a href=\"https:\/\/homegrade.brussels\/nl\/onze-adviezen\/renovatie-en-werken\/\" target=\"_blank\" rel=\"noopener\">gepersonaliseerde en gratis begeleiding<\/a> bij de renovatieprojecten en werkzaamheden in uw woning. Bij investeringen (isolatie, ramen, verwarmingsketel, enz.) begeleidt een adviseur u bij elke stap: keuze van de\u00a0technieken, analyse van de\u00a0bestekken, stedenbouw\u2026 Hij informeert u over de\u00a0<a href=\"https:\/\/huisvesting.brussels\/bouwen-verbouwen\/premies-belastingen-en-financiering\/\">premies en leningen<\/a>\u00a0waarop u recht hebt en helpt u alle\u00a0administratieve formaliteiten\u00a0te vervullen.<\/p><p>De aanbevelingen van Homegrade (bij hen ter plaatse of bij u thuis) zullen u begeleiden bij de renovatie van uw woning en de vermindering van uw ecologische impact.<\/p>\t\t\t\t\t\t<\/div>\n\t\t\t\t<\/div>\n\t\t\t\t<div class=\"elementor-element elementor-element-2f7c59ae elementor-align-left elementor-widget elementor-widget-button\" data-id=\"2f7c59ae\" data-element_type=\"widget\" data-widget_type=\"button.default\">\n\t\t\t\t<div class=\"elementor-widget-container\">\n\t\t\t\t\t<div class=\"elementor-button-wrapper\">\n\t\t\t<a class=\"elementor-button elementor-button-link elementor-size-sm elementor-animation-float\" href=\"https:\/\/www.architect.be\/\">\n\t\t\t\t\t\t<span class=\"elementor-button-content-wrapper\">\n\t\t\t\t\t\t\t\t\t<span class=\"elementor-button-text\">Vind een architect via de Orde van Architecten<\/span>\n\t\t\t\t\t<\/span>\n\t\t\t\t\t<\/a>\n\t\t<\/div>\n\t\t\t\t<\/div>\n\t\t\t\t<\/div>\n\t\t\t\t<div class=\"elementor-element elementor-element-3b587869 elementor-widget elementor-widget-heading\" data-id=\"3b587869\" data-element_type=\"widget\" data-widget_type=\"heading.default\">\n\t\t\t\t<div class=\"elementor-widget-container\">\n\t\t\t<h2 class=\"elementor-heading-title elementor-size-default\">De aannemer<\/h2>\t\t<\/div>\n\t\t\t\t<\/div>\n\t\t\t\t<div class=\"elementor-element elementor-element-503b958 special-list-icons elementor-widget elementor-widget-text-editor\" data-id=\"503b958\" data-element_type=\"widget\" data-widget_type=\"text-editor.default\">\n\t\t\t\t<div class=\"elementor-widget-container\">\n\t\t\t\t\t\t\t<p>Ongeacht of u een particulier of een professional bent, zodra u een aannemer in dienst neemt om werkzaamheden uit te voeren,\u00a0bent u hoofdelijk aansprakelijk voor zijn eventuele schulden of die van zijn onderaannemers (indien van toepassing). Opgelet: uitsluitend indien de aannemer werknemers in dienst heeft.<\/p><p>V\u00f3\u00f3r u een factuur betaalt, is het daarom erg nuttig om na te gaan of de aannemer schulden heeft bij de RSZ of bij de fiscus. Zijn toestand kan immers snel veranderen in de loop der tijd. Dankzij de onlinedienst <a href=\"https:\/\/www.checkinhoudingsplicht.be\/\" target=\"_blank\" rel=\"noopener\">Check Inhoudingsplicht van de FOD Financi\u00ebn<\/a> kunt u in \u00e9\u00e9n oogopslag nagaan of een Belgische aannemer fiscale of sociale zekerheidsschulden heeft.<\/p>\t\t\t\t\t\t<\/div>\n\t\t\t\t<\/div>\n\t\t\t\t<div class=\"elementor-element elementor-element-2473d84 elementor-widget elementor-widget-heading\" data-id=\"2473d84\" data-element_type=\"widget\" data-widget_type=\"heading.default\">\n\t\t\t\t<div class=\"elementor-widget-container\">\n\t\t\t<h2 class=\"elementor-heading-title elementor-size-default\">De architect<\/h2>\t\t<\/div>\n\t\t\t\t<\/div>\n\t\t\t\t<div class=\"elementor-element elementor-element-865f164 special-list-icons elementor-widget elementor-widget-text-editor\" data-id=\"865f164\" data-element_type=\"widget\" data-widget_type=\"text-editor.default\">\n\t\t\t\t<div class=\"elementor-widget-container\">\n\t\t\t\t\t\t\t<p>Samenwerken met een architect is verplicht bij bouwwerkzaamheden of verbouwingen die aan een stedenbouwkundige vergunning onderworpen zijn. Anders dreigt u vervolgd te worden. Bovendien bestaat het gevaar dat u geen volledige vergoeding kunt eisen bij eventuele schade ontstaan door de slechte uitvoering van het werk door uw aannemer.<br \/>Voor kleinere werkzaamheden is dat niet verplicht. <br \/>De eenvoudigste oplossing is om rechtstreeks te informeren bij de stedenbouwkundige dienst van de gemeente waar u uw werkzaamheden plant.<\/p><p>Als professional is hij een aanspreekpunt voor alle handelingen in verband met uw bouwwerk, evenals voor de uitwerking van de aanvraag van de bouwvergunning.<\/p><p>Zijn werk beperkt zich niet tot het ondertekenen van de plannen voor de bouwvergunning. Dankzij zijn totaaloverzicht kan de architect alle fases in het ontwerp van een gebouw controleren. Hij leidt en co\u00f6rdineert de verschillende stappen van de uitvoering. Meer dan een technicus is een architect ook iemand die bedenkt, cre\u00ebert en ook vorm geeft aan de idee\u00ebn van zijn klanten.<\/p><p>In het contract met de architect moet zijn\/haar volledige taak beschreven worden. Hij\/zij zal u honoraria aanrekenen voor de diensten.<\/p>\t\t\t\t\t\t<\/div>\n\t\t\t\t<\/div>\n\t\t\t\t<section class=\"elementor-section elementor-inner-section elementor-element elementor-element-afe7a75 elementor-section-boxed elementor-section-height-default elementor-section-height-default\" data-id=\"afe7a75\" data-element_type=\"section\">\n\t\t\t\t\t\t<div class=\"elementor-container elementor-column-gap-default\">\n\t\t\t\t\t<div class=\"elementor-column elementor-col-100 elementor-inner-column elementor-element elementor-element-762bec3f\" data-id=\"762bec3f\" data-element_type=\"column\" data-settings=\"{&quot;background_background&quot;:&quot;classic&quot;}\">\n\t\t\t<div class=\"elementor-widget-wrap elementor-element-populated\">\n\t\t\t\t\t\t<div class=\"elementor-element elementor-element-22ce50e4 elementor-widget elementor-widget-heading\" data-id=\"22ce50e4\" data-element_type=\"widget\" data-widget_type=\"heading.default\">\n\t\t\t\t<div class=\"elementor-widget-container\">\n\t\t\t<h2 class=\"elementor-heading-title elementor-size-default\">Documentatie<\/h2>\t\t<\/div>\n\t\t\t\t<\/div>\n\t\t\t\t<div class=\"elementor-element elementor-element-e436999 special-list-icons elementor-widget elementor-widget-text-editor\" data-id=\"e436999\" data-element_type=\"widget\" data-widget_type=\"text-editor.default\">\n\t\t\t\t<div class=\"elementor-widget-container\">\n\t\t\t\t\t\t\t<p><a href=\"https:\/\/homegrade.brussels\/nl\/\">Homegrade<\/a> heeft twee thematische brochures gepubliceerd over de opvolging van een bouwwerf en over de keuze van een aannemer:<\/p><ul><li><a href=\"http:\/\/homegrade.brussels\/wp-content\/uploads\/Publications_internes\/brochures\/Homegrade-2016-22-Hoe-uw-werf-beheren.pdf\" target=\"_blank\" rel=\"noopener\">Hoe uw werf beheren? \u2013 Voorbereiding en opvolging<\/a><br \/>Auteurs: Marie de Jaer, C\u00e9line Raulier &amp; Ali El Asli, Homegrade<\/li><li><a href=\"http:\/\/homegrade.brussels\/wp-content\/uploads\/Publications_internes\/brochures\/Homegrade-2014-05-Een-aannemer-kiezen.pdf\" target=\"_blank\" rel=\"noopener\">Een aannemer kiezen \u2013 Een goede offerte voor goed uitgevoerde werken<\/a><br \/>Auteur: Patrick Herregods, Stadswinkel<\/li><\/ul>\t\t\t\t\t\t<\/div>\n\t\t\t\t<\/div>\n\t\t\t\t\t<\/div>\n\t\t<\/div>\n\t\t\t\t\t<\/div>\n\t\t<\/section>\n\t\t\t\t\t<\/div>\n\t\t<\/div>\n\t\t\t\t\t<\/div>\n\t\t<\/section>\n\t\t\t\t<\/div>\n\t\t","protected":false},"excerpt":{"rendered":"<p>Bruxelles Logement Page Begeleiding bij werken Uw huis bouwen of verbouwen vereist de keuze van een architect en een aannemer die u zullen helpen en adviseren bij deze belangrijke stap voor uw huis. Homegrade kan u eveneens gratis gepersonaliseerde ondersteuning bieden. Een gratis begeleiding voor uw werkzaamheden Homegrade (het advies-en begeleidingscentrum voor huisvesting) geeft u [&hellip;]<\/p>\n","protected":false},"author":16,"featured_media":0,"parent":4560,"menu_order":0,"comment_status":"closed","ping_status":"closed","template":"","meta":{"_monsterinsights_skip_tracking":false,"_monsterinsights_sitenote_active":false,"_monsterinsights_sitenote_note":"","_monsterinsights_sitenote_category":0,"footnotes":""},"wf_page_folders":[38],"yoast_head":"<!-- This site is optimized with the Yoast SEO plugin v22.5 - https:\/\/yoast.com\/wordpress\/plugins\/seo\/ -->\n<title>Architect en aannemer - Brussel Huisvesting<\/title>\n<meta name=\"robots\" content=\"noindex, follow\" \/>\n<meta property=\"og:locale\" content=\"nl_NL\" \/>\n<meta property=\"og:type\" content=\"article\" \/>\n<meta property=\"og:title\" content=\"Architect en aannemer - Brussel Huisvesting\" \/>\n<meta property=\"og:description\" content=\"Bruxelles Logement Page Begeleiding bij werken Uw huis bouwen of verbouwen vereist de keuze van een architect en een aannemer die u zullen helpen en adviseren bij deze belangrijke stap voor uw huis. Homegrade kan u eveneens gratis gepersonaliseerde ondersteuning bieden. Een gratis begeleiding voor uw werkzaamheden Homegrade (het advies-en begeleidingscentrum voor huisvesting) geeft u [&hellip;]\" \/>\n<meta property=\"og:url\" content=\"https:\/\/newlogement.irisnetlab.be\/nl\/bouwen-verbouwen\/architect-en-aannemer\/\" \/>\n<meta property=\"og:site_name\" content=\"Brussel Huisvesting\" \/>\n<meta property=\"article:modified_time\" content=\"2022-03-29T15:55:44+00:00\" \/>\n<meta name=\"twitter:card\" content=\"summary_large_image\" \/>\n<meta name=\"twitter:label1\" content=\"Est. reading time\" \/>\n\t<meta name=\"twitter:data1\" content=\"3 minutes\" \/>\n<script type=\"application\/ld+json\" class=\"yoast-schema-graph\">{\"@context\":\"https:\/\/schema.org\",\"@graph\":[{\"@type\":\"WebPage\",\"@id\":\"https:\/\/newlogement.irisnetlab.be\/nl\/bouwen-verbouwen\/architect-en-aannemer\/\",\"url\":\"https:\/\/newlogement.irisnetlab.be\/nl\/bouwen-verbouwen\/architect-en-aannemer\/\",\"name\":\"Architect en aannemer - Brussel Huisvesting\",\"isPartOf\":{\"@id\":\"https:\/\/newlogement.irisnetlab.be\/nl\/#website\"},\"datePublished\":\"2021-05-26T08:01:13+00:00\",\"dateModified\":\"2022-03-29T15:55:44+00:00\",\"breadcrumb\":{\"@id\":\"https:\/\/newlogement.irisnetlab.be\/nl\/bouwen-verbouwen\/architect-en-aannemer\/#breadcrumb\"},\"inLanguage\":\"nl\",\"potentialAction\":[{\"@type\":\"ReadAction\",\"target\":[\"https:\/\/newlogement.irisnetlab.be\/nl\/bouwen-verbouwen\/architect-en-aannemer\/\"]}]},{\"@type\":\"BreadcrumbList\",\"@id\":\"https:\/\/newlogement.irisnetlab.be\/nl\/bouwen-verbouwen\/architect-en-aannemer\/#breadcrumb\",\"itemListElement\":[{\"@type\":\"ListItem\",\"position\":1,\"name\":\"Home\",\"item\":\"https:\/\/huisvesting.brussels\/\"},{\"@type\":\"ListItem\",\"position\":2,\"name\":\"Bouwen &amp; verbouwen\",\"item\":\"https:\/\/huisvesting.brussels\/bouwen-verbouwen\/\"},{\"@type\":\"ListItem\",\"position\":3,\"name\":\"Architect en aannemer\"}]},{\"@type\":\"WebSite\",\"@id\":\"https:\/\/newlogement.irisnetlab.be\/nl\/#website\",\"url\":\"https:\/\/newlogement.irisnetlab.be\/nl\/\",\"name\":\"Bruxelles Logement\",\"description\":\"\",\"potentialAction\":[{\"@type\":\"SearchAction\",\"target\":{\"@type\":\"EntryPoint\",\"urlTemplate\":\"https:\/\/newlogement.irisnetlab.be\/nl\/?s={search_term_string}\"},\"query-input\":\"required name=search_term_string\"}],\"inLanguage\":\"nl\"}]}<\/script>\n<!-- \/ Yoast SEO plugin. -->","yoast_head_json":{"title":"Architect en aannemer - Brussel Huisvesting","robots":{"index":"noindex","follow":"follow"},"og_locale":"nl_NL","og_type":"article","og_title":"Architect en aannemer - Brussel Huisvesting","og_description":"Bruxelles Logement Page Begeleiding bij werken Uw huis bouwen of verbouwen vereist de keuze van een architect en een aannemer die u zullen helpen en adviseren bij deze belangrijke stap voor uw huis. Homegrade kan u eveneens gratis gepersonaliseerde ondersteuning bieden. Een gratis begeleiding voor uw werkzaamheden Homegrade (het advies-en begeleidingscentrum voor huisvesting) geeft u [&hellip;]","og_url":"https:\/\/newlogement.irisnetlab.be\/nl\/bouwen-verbouwen\/architect-en-aannemer\/","og_site_name":"Brussel Huisvesting","article_modified_time":"2022-03-29T15:55:44+00:00","twitter_card":"summary_large_image","twitter_misc":{"Est. reading time":"3 minutes"},"schema":{"@context":"https:\/\/schema.org","@graph":[{"@type":"WebPage","@id":"https:\/\/newlogement.irisnetlab.be\/nl\/bouwen-verbouwen\/architect-en-aannemer\/","url":"https:\/\/newlogement.irisnetlab.be\/nl\/bouwen-verbouwen\/architect-en-aannemer\/","name":"Architect en aannemer - Brussel Huisvesting","isPartOf":{"@id":"https:\/\/newlogement.irisnetlab.be\/nl\/#website"},"datePublished":"2021-05-26T08:01:13+00:00","dateModified":"2022-03-29T15:55:44+00:00","breadcrumb":{"@id":"https:\/\/newlogement.irisnetlab.be\/nl\/bouwen-verbouwen\/architect-en-aannemer\/#breadcrumb"},"inLanguage":"nl","potentialAction":[{"@type":"ReadAction","target":["https:\/\/newlogement.irisnetlab.be\/nl\/bouwen-verbouwen\/architect-en-aannemer\/"]}]},{"@type":"BreadcrumbList","@id":"https:\/\/newlogement.irisnetlab.be\/nl\/bouwen-verbouwen\/architect-en-aannemer\/#breadcrumb","itemListElement":[{"@type":"ListItem","position":1,"name":"Home","item":"https:\/\/huisvesting.brussels\/"},{"@type":"ListItem","position":2,"name":"Bouwen &amp; verbouwen","item":"https:\/\/huisvesting.brussels\/bouwen-verbouwen\/"},{"@type":"ListItem","position":3,"name":"Architect en aannemer"}]},{"@type":"WebSite","@id":"https:\/\/newlogement.irisnetlab.be\/nl\/#website","url":"https:\/\/newlogement.irisnetlab.be\/nl\/","name":"Bruxelles Logement","description":"","potentialAction":[{"@type":"SearchAction","target":{"@type":"EntryPoint","urlTemplate":"https:\/\/newlogement.irisnetlab.be\/nl\/?s={search_term_string}"},"query-input":"required name=search_term_string"}],"inLanguage":"nl"}]}},"jetpack_sharing_enabled":true,"_links":{"self":[{"href":"https:\/\/newlogement.irisnetlab.be\/nl\/wp-json\/wp\/v2\/pages\/4090"}],"collection":[{"href":"https:\/\/newlogement.irisnetlab.be\/nl\/wp-json\/wp\/v2\/pages"}],"about":[{"href":"https:\/\/newlogement.irisnetlab.be\/nl\/wp-json\/wp\/v2\/types\/page"}],"author":[{"embeddable":true,"href":"https:\/\/newlogement.irisnetlab.be\/nl\/wp-json\/wp\/v2\/users\/16"}],"replies":[{"embeddable":true,"href":"https:\/\/newlogement.irisnetlab.be\/nl\/wp-json\/wp\/v2\/comments?post=4090"}],"version-history":[{"count":24,"href":"https:\/\/newlogement.irisnetlab.be\/nl\/wp-json\/wp\/v2\/pages\/4090\/revisions"}],"predecessor-version":[{"id":18744,"href":"https:\/\/newlogement.irisnetlab.be\/nl\/wp-json\/wp\/v2\/pages\/4090\/revisions\/18744"}],"up":[{"embeddable":true,"href":"https:\/\/newlogement.irisnetlab.be\/nl\/wp-json\/wp\/v2\/pages\/4560"}],"wp:attachment":[{"href":"https:\/\/newlogement.irisnetlab.be\/nl\/wp-json\/wp\/v2\/media?parent=4090"}],"wp:term":[{"taxonomy":"wf_page_folders","embeddable":true,"href":"https:\/\/newlogement.irisnetlab.be\/nl\/wp-json\/wp\/v2\/wf_page_folders?post=4090"}],"curies":[{"name":"wp","href":"https:\/\/api.w.org\/{rel}","templated":true}]}}